{"id":503,"date":"2025-07-23T10:48:36","date_gmt":"2025-07-23T10:48:36","guid":{"rendered":"https:\/\/galloricevimenti.it\/?page_id=503"},"modified":"2025-07-24T07:51:11","modified_gmt":"2025-07-24T07:51:11","slug":"missione","status":"publish","type":"page","link":"https:\/\/galloricevimenti.it\/en\/missione\/","title":{"rendered":"Our mission"},"content":{"rendered":"<section class=\"l-section wpb_row us_custom_150c0527 row-sticky-mobile height_medium full_height valign_center type_sticky with_video with_youtube\"><div id=\"us_bg_video_l2ba\" class=\"l-section-video\"><script id=\"us_bg_video_l2ba-script\">!function(w){var node = document.getElementById( 'us_bg_video_l2ba' );if ( w.innerWidth <= 220 ) { node.remove() }}(window);<\/script><style>@media(max-width:220px){#us_bg_video_l2ba{display:none!important}}<\/style><script id=\"youtube_l2ba\">\r\n\t\t\t\t\twindow.USYTPlayers = ( window.USYTPlayers || { initYTFunctions: [], optionsYT: [], USYTInited: false } );\r\n\t\t\t\t\twindow.USYTPlayers.initYTFunctions.push( function() {\r\n\t\t\t\t\t\tvar player = new YT.Player( \"youtube_l2ba\" , {\r\n\t\t\t\t\t\t\tvideoId: \"zW566mMxzvI\",\r\n\t\t\t\t\t\t\tplayerVars: {\"playlist\":\"zW566mMxzvI\",\"autohide\":1,\"autoplay\":1,\"mute\":1,\"controls\":0,\"disablekb\":1,\"enablejsapi\":1,\"fs\":0,\"loop\":1,\"rel\":0,\"showinfo\":0},\r\n\t\t\t\t\t\t\tevents: {\r\n\t\t\t\t\t\t\t\tonReady: function ( e ) {\r\n\t\t\t\t\t\t\t\t\te.target.mute();\r\n\t\t\t\t\t\t\t\t\te.target.playVideo();\r\n\t\t\t\t\t\t\t\t\te.target.g.allow = \"autoplay; fullscreen; picture-in-picture\";\r\n\t\t\t\t\t\t\t\t\te.target.g.width = window.innerWidth;\r\n\t\t\t\t\t\t\t\t\te.target.g.loading = \"lazy\";\r\n\t\t\t\t\t\t\t\t\te.target.g.dispatchEvent( new Event( \"resize\", { bubbles: true } ) );\r\n\t\t\t\t\t\t\t\t}\r\n\t\t\t\t\t\t\t}\r\n\t\t\t\t\t\t});\r\n\t\t\t\t\t\tdocument.querySelector( \"script#youtube_api_l2ba\" ).remove();\r\n\t\t\t\t\t} );\r\n\t\t\t\t\twindow.onYouTubeIframeAPIReady = function() {\r\n\t\t\t\t\t\twindow.USYTPlayers.initYTFunctions.forEach( function( YTPlayer ) {\r\n\t\t\t\t\t\t\tif ( typeof YTPlayer === \"function\" ) {\r\n\t\t\t\t\t\t\t\tYTPlayer();\r\n\t\t\t\t\t\t\t}\r\n\t\t\t\t\t\t} );\r\n\t\t\t\t\t};\r\n\t\t\t\t\tvar script = document.createElement( \"script\" );\r\n\t\t\t\t\tscript.id = \"youtube_api_l2ba\";\r\n\t\t\t\t\tscript.src = \"https:\/\/www.youtube.com\/iframe_api\";\r\n\t\t\t\t\tdocument.head.append( script );\r\n\t\t\t\t<\/script><\/div><div class=\"l-section-h i-cf\"><div class=\"g-cols vc_row via_grid cols_1 laptops-cols_inherit tablets-cols_inherit mobiles-cols_1 valign_top type_default stacking_default\"><div class=\"wpb_column vc_column_container\"><div class=\"vc_column-inner\"><div class=\"w-btn-wrapper align_center\"><a class=\"w-btn us-btn-style_3 us_custom_60e9caca us_animate_this\" href=\"#\"><span class=\"w-btn-label\">Our mission<\/span><\/a><\/div><\/div><\/div><\/div><\/div><\/section><section class=\"l-section wpb_row us_custom_54b2a919 row-sticky-mobile height_medium full_height valign_center type_sticky\"><div class=\"l-section-h i-cf\"><div class=\"g-cols vc_row via_grid cols_1 laptops-cols_inherit tablets-cols_inherit mobiles-cols_1 valign_top type_default stacking_default\"><div class=\"wpb_column vc_column_container\"><div class=\"vc_column-inner\"><h1 class=\"w-text us_custom_eb849559\"><span class=\"w-text-h\"><span class=\"w-text-value\">Let yourself be carried away by the warm southern wind.<\/span><\/span><\/h1><\/div><\/div><\/div><\/div><\/section><section class=\"l-section wpb_row us_custom_eac59c77 row-sticky-mobile height_medium full_height valign_center type_sticky\"><div class=\"l-section-h i-cf\"><div class=\"g-cols vc_row via_grid cols_1 laptops-cols_inherit tablets-cols_inherit mobiles-cols_1 valign_top type_default stacking_default\"><div class=\"wpb_column vc_column_container\"><div class=\"vc_column-inner\"><div class=\"wpb_text_column us_custom_62a5f966\"><div class=\"wpb_wrapper\"><p class=\"p1\">C\u2019\u00e8 una storia che arriva da un\u2019isola del Pacifico, dove una comunit\u00e0 di pescatori viveva in sintonia con il mare. Quando uscivano dalla laguna per pescare in mare aperto, sapevano che ogni sette onde ne arrivava una pi\u00f9 forte delle altre. Aspettavano quella giusta, la settima, per spingere con decisione verso il largo. Era il loro modo di affrontare il mare, con rispetto, esperienza e coraggio.<\/p>\n<p class=\"p1\">This story, simple yet powerful, has become part of how we see things. For us, that seventh wave represents the desire to do things with passion and precision \u2014 to dare something beautiful and different, here where the sea meets the land.<\/p>\n<\/div><\/div><\/div><\/div><\/div><\/div><\/section><section class=\"l-section wpb_row us_custom_e9dcad1b row-sticky-mobile height_medium full_height valign_center type_sticky\"><div class=\"l-section-h i-cf\"><div class=\"g-cols vc_row via_grid cols_1 laptops-cols_inherit tablets-cols_inherit mobiles-cols_1 valign_top type_default stacking_default\"><div class=\"wpb_column vc_column_container\"><div class=\"vc_column-inner\"><\/div><\/div><\/div><\/div><\/section><section class=\"l-section wpb_row us_custom_cf3d7369 row-sticky-mobile height_medium full_height valign_center type_sticky\"><div class=\"l-section-h i-cf\"><div class=\"g-cols vc_row via_grid cols_1 laptops-cols_inherit tablets-cols_inherit mobiles-cols_1 valign_top type_default stacking_default\"><div class=\"wpb_column vc_column_container\"><div class=\"vc_column-inner\"><div class=\"w-separator hide_on_default hide_on_laptops hide_on_tablets size_large\"><\/div><div class=\"wpb_text_column us_custom_62a5f966\"><div class=\"wpb_wrapper\"><h2 class=\"p1\">We believe that hospitality can become something truly unique \u2014 when it\u2019s done with care and attention.<\/h2>\n<p class=\"p1\">Non seguiamo le mode, ma ascoltiamo le persone. E ci impegniamo ogni giorno a trasformare i desideri in momenti veri, curati nei dettagli e pieni di significato. Perch\u00e9 sono proprio le cose pi\u00f9 semplici \u2013 fatte bene \u2013 a diventare i ricordi pi\u00f9 belli. Ogni evento che accogliamo e custodiamo \u00e8 per noi una responsabilit\u00e0 creativa, uno slancio verso il mare aperto trainati dalla settima onda, per generare bellezza vera e autentica, senza eccessi n\u00e9 artefici.<\/p>\n<p class=\"p1\">The sea teaches us how to listen and breathe slowly.\nOur land gives us a sense of origin.<\/p>\n<p class=\"p1\">In between, there is us \u2014 with respect, passion, precision, and vision.<\/p>\n<\/div><\/div><\/div><\/div><\/div><\/div><\/section><section class=\"l-section wpb_row us_custom_eac59c77 row-sticky-mobile hide_on_default hide_on_laptops hide_on_tablets hide_on_mobiles height_medium full_height valign_center width_full type_sticky\"><div class=\"l-section-h i-cf\"><div class=\"g-cols vc_row via_grid cols_2 laptops-cols_inherit tablets-cols_inherit mobiles-cols_1 valign_top type_default stacking_default\"><div class=\"wpb_column vc_column_container\"><div class=\"vc_column-inner\"><div class=\"w-separator hide_on_default hide_on_laptops hide_on_tablets size_huge\"><\/div><\/div><\/div><div class=\"wpb_column vc_column_container\"><div class=\"vc_column-inner\"><div class=\"g-cols wpb_row via_grid cols_2 laptops-cols_inherit tablets-cols_inherit mobiles-cols_1 valign_top type_default stacking_default\" style=\"--columns-gap:3rem;\"><div class=\"wpb_column vc_column_container\"><div class=\"vc_column-inner\"><div class=\"w-separator hide_on_mobiles size_huge\"><\/div><div class=\"wpb_text_column us_custom_2b1701b0\"><div class=\"wpb_wrapper\"><p class=\"p1\" style=\"padding-left: 40px;\">Our cuisine is a story of <b>Puglia<\/b>\u2014 elegant and Mediterranean \u2014 blending authentic flavors with refined presentation.<\/p>\n<p class=\"p1\" style=\"padding-left: 40px;\">Our highly skilled chefs<b>,<\/b> with international experience, elevate local and Mediterranean delicacies, transforming each dish into a sophisticated tribute to the land and the sea.<\/p>\n<h5 style=\"padding-left: 40px;\">Choosing Gallo means choosing a place for your celebrations where nothing is left to chance.<\/h5>\n<\/div><\/div><div class=\"w-separator size_medium\"><\/div><\/div><\/div><div class=\"wpb_column vc_column_container hide_on_mobiles\"><div class=\"vc_column-inner\"><\/div><\/div><\/div><\/div><\/div><\/div><\/div><\/section><section class=\"l-section wpb_row row-sticky-mobile height_medium full_height valign_center type_sticky with_video with_youtube\"><div id=\"us_bg_video_hef7\" class=\"l-section-video\"><script id=\"us_bg_video_hef7-script\">!function(w){var node = document.getElementById( 'us_bg_video_hef7' );if ( w.innerWidth <= 200 ) { node.remove() }}(window);<\/script><style>@media(max-width:200px){#us_bg_video_hef7{display:none!important}}<\/style><script id=\"youtube_hef7\">\r\n\t\t\t\t\twindow.USYTPlayers = ( window.USYTPlayers || { initYTFunctions: [], optionsYT: [], USYTInited: false } );\r\n\t\t\t\t\twindow.USYTPlayers.initYTFunctions.push( function() {\r\n\t\t\t\t\t\tvar player = new YT.Player( \"youtube_hef7\" , {\r\n\t\t\t\t\t\t\tvideoId: \"kJcbx_6Au9Q\",\r\n\t\t\t\t\t\t\tplayerVars: {\"playlist\":\"kJcbx_6Au9Q\",\"autohide\":1,\"autoplay\":1,\"mute\":1,\"controls\":0,\"disablekb\":1,\"enablejsapi\":1,\"fs\":0,\"loop\":1,\"rel\":0,\"showinfo\":0},\r\n\t\t\t\t\t\t\tevents: {\r\n\t\t\t\t\t\t\t\tonReady: function ( e ) {\r\n\t\t\t\t\t\t\t\t\te.target.mute();\r\n\t\t\t\t\t\t\t\t\te.target.playVideo();\r\n\t\t\t\t\t\t\t\t\te.target.g.allow = \"autoplay; fullscreen; picture-in-picture\";\r\n\t\t\t\t\t\t\t\t\te.target.g.width = window.innerWidth;\r\n\t\t\t\t\t\t\t\t\te.target.g.loading = \"lazy\";\r\n\t\t\t\t\t\t\t\t\te.target.g.dispatchEvent( new Event( \"resize\", { bubbles: true } ) );\r\n\t\t\t\t\t\t\t\t}\r\n\t\t\t\t\t\t\t}\r\n\t\t\t\t\t\t});\r\n\t\t\t\t\t\tdocument.querySelector( \"script#youtube_api_hef7\" ).remove();\r\n\t\t\t\t\t} );\r\n\t\t\t\t\twindow.onYouTubeIframeAPIReady = function() {\r\n\t\t\t\t\t\twindow.USYTPlayers.initYTFunctions.forEach( function( YTPlayer ) {\r\n\t\t\t\t\t\t\tif ( typeof YTPlayer === \"function\" ) {\r\n\t\t\t\t\t\t\t\tYTPlayer();\r\n\t\t\t\t\t\t\t}\r\n\t\t\t\t\t\t} );\r\n\t\t\t\t\t};\r\n\t\t\t\t\tvar script = document.createElement( \"script\" );\r\n\t\t\t\t\tscript.id = \"youtube_api_hef7\";\r\n\t\t\t\t\tscript.src = \"https:\/\/www.youtube.com\/iframe_api\";\r\n\t\t\t\t\tdocument.head.append( script );\r\n\t\t\t\t<\/script><\/div><div class=\"l-section-h i-cf\"><div class=\"g-cols vc_row via_grid cols_1 laptops-cols_inherit tablets-cols_inherit mobiles-cols_1 valign_top type_default stacking_default\"><div class=\"wpb_column vc_column_container\"><div class=\"vc_column-inner\"><\/div><\/div><\/div><\/div><\/section><section class=\"l-section wpb_row row-sticky-mobile height_auto full_height valign_top width_full type_sticky\"><div class=\"l-section-h i-cf\"><div class=\"g-cols vc_row via_grid cols_1 laptops-cols_inherit tablets-cols_inherit mobiles-cols_1 valign_top type_default stacking_default\"><div class=\"wpb_column vc_column_container\"><div class=\"vc_column-inner\"><section class=\"l-section wpb_row us_custom_441eac9c height_auto full_height valign_center width_full\"><div class=\"l-section-h i-cf\"><div class=\"g-cols vc_row via_grid cols_1 laptops-cols_inherit tablets-cols_inherit mobiles-cols_1 valign_top type_default stacking_default\"><div class=\"wpb_column vc_column_container\"><div class=\"vc_column-inner\"><div class=\"w-separator size_huge\"><\/div><div class=\"w-separator hide_on_default hide_on_laptops hide_on_tablets size_huge\"><\/div><div class=\"g-cols wpb_row via_grid cols_6 laptops-cols_inherit tablets-cols_inherit mobiles-cols_1 valign_bottom type_default stacking_default\" style=\"--columns-gap:1.3rem;\"><div class=\"wpb_column vc_column_container\"><div class=\"vc_column-inner\"><\/div><\/div><div class=\"wpb_column vc_column_container\"><div class=\"vc_column-inner\"><div class=\"w-separator hide_on_mobiles size_small\"><\/div><div class=\"w-image align_center\"><div class=\"w-image-h\"><img loading=\"lazy\" decoding=\"async\" width=\"300\" height=\"118\" src=\"https:\/\/galloricevimenti.it\/wp-content\/uploads\/2025\/07\/logo-gallo-ricevimenti-sul-mare_Tavola-disegno-1-copia-300x118.png\" class=\"g-placeholder\" alt=\"\" srcset=\"https:\/\/galloricevimenti.it\/wp-content\/uploads\/2025\/07\/logo-gallo-ricevimenti-sul-mare_Tavola-disegno-1-copia-300x118.png 300w, https:\/\/galloricevimenti.it\/wp-content\/uploads\/2025\/07\/logo-gallo-ricevimenti-sul-mare_Tavola-disegno-1-copia-1024x402.png 1024w, https:\/\/galloricevimenti.it\/wp-content\/uploads\/2025\/07\/logo-gallo-ricevimenti-sul-mare_Tavola-disegno-1-copia.png 1654w\" sizes=\"auto, (max-width: 300px) 100vw, 300px\" \/><\/div><\/div><div class=\"w-separator hide_on_mobiles size_small\"><\/div><\/div><\/div><div class=\"wpb_column vc_column_container\"><div class=\"vc_column-inner\"><div class=\"wpb_text_column us_custom_b6f2c894 has_text_color\"><div class=\"wpb_wrapper\"><p><span style=\"color: #ffffff;\"><a style=\"color: #ffffff;\" href=\"https:\/\/maps.app.goo.gl\/XP54ZVz4Tw66Zs4V6\" target=\"_blank\" rel=\"noopener\">Lungomare Cristoforo Colombo, 25<\/a><\/span><br data-start=\"3419\" data-end=\"3422\" \/><span style=\"color: #ffffff;\">76125 Trani (BT) \u2013 Italia<\/span><\/p>\n<hr \/>\n<\/div><\/div><\/div><\/div><div class=\"wpb_column vc_column_container\"><div class=\"vc_column-inner\"><div class=\"wpb_text_column us_custom_b6f2c894 has_text_color\"><div class=\"wpb_wrapper\"><p><span>P.Iva<\/span> 08573150722<\/p>\n<p><span>Email<\/span><span>: <span style=\"color: #ffffff;\"><a class=\"cursor-pointer\" style=\"color: #ffffff;\" href=\"mailto:info@galloricevimenti.it\" rel=\"noopener\" data-start=\"3457\" data-end=\"3479\">info@galloricevimenti.it<\/a><\/span><\/span><\/p>\n<hr \/>\n<\/div><\/div><\/div><\/div><div class=\"wpb_column vc_column_container\"><div class=\"vc_column-inner\"><div class=\"wpb_text_column us_custom_b6f2c894 has_text_color\"><div class=\"wpb_wrapper\"><p><a href=\"https:\/\/galloricevimenti.it\/en\/privacy-policy\/\"><span class=\"w-btn-label\">Privacy Policy<\/span><\/a><\/p>\n<p><a href=\"https:\/\/galloricevimenti.it\/en\/cookie-policy\/\"><span class=\"w-btn-label\">Cookie Policy<\/span><\/a><\/p>\n<hr \/>\n<\/div><\/div><\/div><\/div><div class=\"wpb_column vc_column_container\"><div class=\"vc_column-inner\"><\/div><\/div><\/div><\/div><\/div><div class=\"wpb_column vc_column_container us_custom_e6d16cae\"><div class=\"vc_column-inner\"><div class=\"wpb_text_column us_custom_5f5b667f has_text_color\"><div class=\"wpb_wrapper\"><p><span>credits<\/span><span>\u00a0<\/span><span style=\"color: #ffffff;\"><a style=\"color: #ffffff;\" href=\"https:\/\/imonelli.it\/\">I Monelli<\/a><\/span><\/p>\n<\/div><\/div><div class=\"w-separator hide_on_default hide_on_laptops hide_on_tablets size_large\"><\/div><\/div><\/div><\/div><\/div><\/section>\n<\/div><\/div><\/div><\/div><\/section>","protected":false},"excerpt":{"rendered":"La nostra missioneLasciati trasportare dal vento caldo del Sud.C\u2019\u00e8 una storia che arriva da un\u2019isola del Pacifico, dove una comunit\u00e0 di pescatori viveva in sintonia con il mare. Quando uscivano dalla laguna per pescare in mare aperto, sapevano che ogni sette onde ne arrivava una pi\u00f9 forte delle altre. Aspettavano quella giusta, la settima, per...","protected":false},"author":2,"featured_media":0,"parent":0,"menu_order":0,"comment_status":"closed","ping_status":"closed","template":"","meta":{"footnotes":""},"class_list":["post-503","page","type-page","status-publish","hentry"],"_links":{"self":[{"href":"https:\/\/galloricevimenti.it\/en\/wp-json\/wp\/v2\/pages\/503","targetHints":{"allow":["GET"]}}],"collection":[{"href":"https:\/\/galloricevimenti.it\/en\/wp-json\/wp\/v2\/pages"}],"about":[{"href":"https:\/\/galloricevimenti.it\/en\/wp-json\/wp\/v2\/types\/page"}],"author":[{"embeddable":true,"href":"https:\/\/galloricevimenti.it\/en\/wp-json\/wp\/v2\/users\/2"}],"replies":[{"embeddable":true,"href":"https:\/\/galloricevimenti.it\/en\/wp-json\/wp\/v2\/comments?post=503"}],"version-history":[{"count":19,"href":"https:\/\/galloricevimenti.it\/en\/wp-json\/wp\/v2\/pages\/503\/revisions"}],"predecessor-version":[{"id":582,"href":"https:\/\/galloricevimenti.it\/en\/wp-json\/wp\/v2\/pages\/503\/revisions\/582"}],"wp:attachment":[{"href":"https:\/\/galloricevimenti.it\/en\/wp-json\/wp\/v2\/media?parent=503"}],"curies":[{"name":"wp","href":"https:\/\/api.w.org\/{rel}","templated":true}]}}