{"id":453,"date":"2025-07-23T08:41:53","date_gmt":"2025-07-23T08:41:53","guid":{"rendered":"https:\/\/galloricevimenti.it\/?page_id=453"},"modified":"2025-07-24T08:09:12","modified_gmt":"2025-07-24T08:09:12","slug":"eventi-privati","status":"publish","type":"page","link":"https:\/\/galloricevimenti.it\/en\/eventi-privati\/","title":{"rendered":"Private event"},"content":{"rendered":"<section class=\"l-section wpb_row us_custom_d4fc30a8 row-sticky-mobile height_medium full_height valign_center type_sticky\"><div class=\"l-section-h i-cf\"><div class=\"g-cols vc_row via_grid cols_1 laptops-cols_inherit tablets-cols_inherit mobiles-cols_1 valign_top type_default stacking_default\"><div class=\"wpb_column vc_column_container\"><div class=\"vc_column-inner\"><div class=\"w-btn-wrapper align_center\"><a class=\"w-btn us-btn-style_3 us_custom_60e9caca us_animate_this\" href=\"#\"><span class=\"w-btn-label\">Private event<\/span><\/a><\/div><\/div><\/div><\/div><\/div><\/section><section class=\"l-section wpb_row us_custom_cd19a36a row-sticky-mobile height_medium full_height valign_center type_sticky\"><div class=\"l-section-h i-cf\"><div class=\"g-cols vc_row via_grid cols_1 laptops-cols_inherit tablets-cols_inherit mobiles-cols_1 valign_top type_default stacking_default\"><div class=\"wpb_column vc_column_container\"><div class=\"vc_column-inner\"><\/div><\/div><\/div><\/div><\/section><section class=\"l-section wpb_row us_custom_cdb0a684 row-sticky-mobile height_medium full_height valign_center type_sticky\"><div class=\"l-section-h i-cf\"><div class=\"g-cols vc_row via_grid cols_1 laptops-cols_inherit tablets-cols_inherit mobiles-cols_1 valign_top type_default stacking_default\"><div class=\"wpb_column vc_column_container\"><div class=\"vc_column-inner\"><h1 class=\"w-text us_custom_eb849559\"><span class=\"w-text-h\"><span class=\"w-text-value\">Every celebration is a reflection of who we are.<\/span><\/span><\/h1><h1 class=\"w-text us_custom_eb849559\"><span class=\"w-text-h\"><span class=\"w-text-value\">Gallo transforms it into light.<\/span><\/span><\/h1><\/div><\/div><\/div><\/div><\/section><section class=\"l-section wpb_row us_custom_eac59c77 row-sticky-mobile height_auto full_height valign_top type_sticky\"><div class=\"l-section-h i-cf\"><div class=\"g-cols vc_row via_grid cols_2 laptops-cols_inherit tablets-cols_inherit mobiles-cols_1 valign_top type_default stacking_default\"><div class=\"wpb_column vc_column_container\"><div class=\"vc_column-inner\"><\/div><\/div><div class=\"wpb_column vc_column_container\"><div class=\"vc_column-inner\"><div class=\"w-separator hide_on_mobiles size_huge\"><\/div><div class=\"w-separator size_large\"><\/div><div class=\"wpb_text_column us_custom_6f2f4985\"><div class=\"wpb_wrapper\"><p class=\"p1\">Important moments don\u2019t need excess \u2014 they need true beauty.\nNot grand words, but sincere gestures, carefully crafted with attention and care.\nThat\u2019s how we make every event special: with simplicity, elegance, and authenticity.<\/p>\n<p class=\"p1\">At Gallo Ricevimenti sul Mare, we celebrate every private event with the same delicacy used to tell a great story.\nEvery graduation, every birthday, every engagement, every anniversary \u2014 for us, they are not just dates on a calendar, but meaningful challenges to turn special days into unforgettable memories.<\/p>\n<\/div><\/div><div class=\"w-separator hide_on_default hide_on_laptops hide_on_tablets size_huge\"><\/div><div class=\"w-separator hide_on_default hide_on_laptops hide_on_tablets size_huge\"><\/div><\/div><\/div><\/div><\/div><\/section><section class=\"l-section wpb_row us_custom_1f5f827b row-sticky-mobile height_auto full_height valign_top type_sticky\"><div class=\"l-section-h i-cf\"><div class=\"g-cols vc_row via_grid cols_2 laptops-cols_inherit tablets-cols_inherit mobiles-cols_1 valign_top type_default stacking_default\"><div class=\"wpb_column vc_column_container\"><div class=\"vc_column-inner\"><div class=\"w-separator size_huge\"><\/div><div class=\"w-separator size_large\"><\/div><div class=\"wpb_text_column us_custom_1b0b1647 has_text_color\"><div class=\"wpb_wrapper\"><p class=\"p1\">Suspended between sea and sky, the venue becomes a natural stage for intimate and authentic emotions.\nThe luminous settings, floral details, and clean lines of the decor are never mere embellishments \u2014 they are a style choice, a language that tells the story of the moment\u2019s uniqueness.<\/p>\n<p>\u00a0<\/p>\n<p>We interpret every event in a unique way, with tailor-made care, offering an experience that speaks of you \u2014 but also of our land, our aesthetic, and our idea of harmony.<\/p>\n<\/div><\/div><\/div><\/div><div class=\"wpb_column vc_column_container\"><div class=\"vc_column-inner\"><\/div><\/div><\/div><\/div><\/section><section class=\"l-section wpb_row us_custom_50907b26 row-sticky-mobile height_medium full_height valign_center type_sticky\"><div class=\"l-section-h i-cf\"><div class=\"g-cols vc_row via_grid cols_1 laptops-cols_inherit tablets-cols_inherit mobiles-cols_1 valign_top type_default stacking_default\"><div class=\"wpb_column vc_column_container\"><div class=\"vc_column-inner\"><h3 class=\"w-text us_custom_eb849559\"><span class=\"w-text-h\"><span class=\"w-text-value\">Qui, tra luci dorate e tramonti mozzafiato, la festa si fa calda, come i melodiosi venti del Sud.<\/span><\/span><\/h3><\/div><\/div><\/div><\/div><\/section><section class=\"l-section wpb_row us_custom_cf69a2f9 row-sticky-mobile height_medium full_height valign_center type_sticky\"><div class=\"l-section-h i-cf\"><div class=\"g-cols vc_row via_grid cols_1 laptops-cols_inherit tablets-cols_inherit mobiles-cols_1 valign_top type_default stacking_default\"><div class=\"wpb_column vc_column_container\"><div class=\"vc_column-inner\"><\/div><\/div><\/div><\/div><\/section><section class=\"l-section wpb_row row-sticky-mobile height_auto full_height valign_top width_full type_sticky\"><div class=\"l-section-h i-cf\"><div class=\"g-cols vc_row via_grid cols_1 laptops-cols_inherit tablets-cols_inherit mobiles-cols_1 valign_top type_default stacking_default\"><div class=\"wpb_column vc_column_container\"><div class=\"vc_column-inner\"><section class=\"l-section wpb_row us_custom_441eac9c height_auto full_height valign_center width_full\"><div class=\"l-section-h i-cf\"><div class=\"g-cols vc_row via_grid cols_1 laptops-cols_inherit tablets-cols_inherit mobiles-cols_1 valign_top type_default stacking_default\"><div class=\"wpb_column vc_column_container\"><div class=\"vc_column-inner\"><div class=\"w-separator size_huge\"><\/div><div class=\"w-separator hide_on_default hide_on_laptops hide_on_tablets size_huge\"><\/div><div class=\"g-cols wpb_row via_grid cols_6 laptops-cols_inherit tablets-cols_inherit mobiles-cols_1 valign_bottom type_default stacking_default\" style=\"--columns-gap:1.3rem;\"><div class=\"wpb_column vc_column_container\"><div class=\"vc_column-inner\"><\/div><\/div><div class=\"wpb_column vc_column_container\"><div class=\"vc_column-inner\"><div class=\"w-separator hide_on_mobiles size_small\"><\/div><div class=\"w-image align_center\"><div class=\"w-image-h\"><img loading=\"lazy\" decoding=\"async\" width=\"300\" height=\"118\" src=\"https:\/\/galloricevimenti.it\/wp-content\/uploads\/2025\/07\/logo-gallo-ricevimenti-sul-mare_Tavola-disegno-1-copia-300x118.png\" class=\"g-placeholder\" alt=\"\" srcset=\"https:\/\/galloricevimenti.it\/wp-content\/uploads\/2025\/07\/logo-gallo-ricevimenti-sul-mare_Tavola-disegno-1-copia-300x118.png 300w, https:\/\/galloricevimenti.it\/wp-content\/uploads\/2025\/07\/logo-gallo-ricevimenti-sul-mare_Tavola-disegno-1-copia-1024x402.png 1024w, https:\/\/galloricevimenti.it\/wp-content\/uploads\/2025\/07\/logo-gallo-ricevimenti-sul-mare_Tavola-disegno-1-copia.png 1654w\" sizes=\"auto, (max-width: 300px) 100vw, 300px\" \/><\/div><\/div><div class=\"w-separator hide_on_mobiles size_small\"><\/div><\/div><\/div><div class=\"wpb_column vc_column_container\"><div class=\"vc_column-inner\"><div class=\"wpb_text_column us_custom_b6f2c894 has_text_color\"><div class=\"wpb_wrapper\"><p><span style=\"color: #ffffff;\"><a style=\"color: #ffffff;\" href=\"https:\/\/maps.app.goo.gl\/XP54ZVz4Tw66Zs4V6\" target=\"_blank\" rel=\"noopener\">Lungomare Cristoforo Colombo, 25<\/a><\/span><br data-start=\"3419\" data-end=\"3422\" \/><span style=\"color: #ffffff;\">76125 Trani (BT) \u2013 Italia<\/span><\/p>\n<hr \/>\n<\/div><\/div><\/div><\/div><div class=\"wpb_column vc_column_container\"><div class=\"vc_column-inner\"><div class=\"wpb_text_column us_custom_b6f2c894 has_text_color\"><div class=\"wpb_wrapper\"><p><span>P.Iva<\/span> 08573150722<\/p>\n<p><span>Email<\/span><span>: <span style=\"color: #ffffff;\"><a class=\"cursor-pointer\" style=\"color: #ffffff;\" href=\"mailto:info@galloricevimenti.it\" rel=\"noopener\" data-start=\"3457\" data-end=\"3479\">info@galloricevimenti.it<\/a><\/span><\/span><\/p>\n<hr \/>\n<\/div><\/div><\/div><\/div><div class=\"wpb_column vc_column_container\"><div class=\"vc_column-inner\"><div class=\"wpb_text_column us_custom_b6f2c894 has_text_color\"><div class=\"wpb_wrapper\"><p><a href=\"https:\/\/galloricevimenti.it\/en\/privacy-policy\/\"><span class=\"w-btn-label\">Privacy Policy<\/span><\/a><\/p>\n<p><a href=\"https:\/\/galloricevimenti.it\/en\/cookie-policy\/\"><span class=\"w-btn-label\">Cookie Policy<\/span><\/a><\/p>\n<hr \/>\n<\/div><\/div><\/div><\/div><div class=\"wpb_column vc_column_container\"><div class=\"vc_column-inner\"><\/div><\/div><\/div><\/div><\/div><div class=\"wpb_column vc_column_container us_custom_e6d16cae\"><div class=\"vc_column-inner\"><div class=\"wpb_text_column us_custom_5f5b667f has_text_color\"><div class=\"wpb_wrapper\"><p><span>credits<\/span><span>\u00a0<\/span><span style=\"color: #ffffff;\"><a style=\"color: #ffffff;\" href=\"https:\/\/imonelli.it\/\">I Monelli<\/a><\/span><\/p>\n<\/div><\/div><div class=\"w-separator hide_on_default hide_on_laptops hide_on_tablets size_large\"><\/div><\/div><\/div><\/div><\/div><\/section>\n<\/div><\/div><\/div><\/div><\/section>","protected":false},"excerpt":{"rendered":"Eventi PrivatiOgni festa \u00e8 un riflesso di ci\u00f2 che siamo.Gallo la trasforma in luce.I momenti importanti non hanno bisogno di esagerazioni, ma di bellezza vera. Non di grandi parole, ma di gesti concreti, sinceri e curati con attenzione. \u00c8 cos\u00ec che rendiamo ogni evento speciale: con semplicit\u00e0, eleganza e autenticit\u00e0. Da Gallo Ricevimenti sul Mare,...","protected":false},"author":2,"featured_media":0,"parent":0,"menu_order":0,"comment_status":"closed","ping_status":"closed","template":"","meta":{"footnotes":""},"class_list":["post-453","page","type-page","status-publish","hentry"],"_links":{"self":[{"href":"https:\/\/galloricevimenti.it\/en\/wp-json\/wp\/v2\/pages\/453","targetHints":{"allow":["GET"]}}],"collection":[{"href":"https:\/\/galloricevimenti.it\/en\/wp-json\/wp\/v2\/pages"}],"about":[{"href":"https:\/\/galloricevimenti.it\/en\/wp-json\/wp\/v2\/types\/page"}],"author":[{"embeddable":true,"href":"https:\/\/galloricevimenti.it\/en\/wp-json\/wp\/v2\/users\/2"}],"replies":[{"embeddable":true,"href":"https:\/\/galloricevimenti.it\/en\/wp-json\/wp\/v2\/comments?post=453"}],"version-history":[{"count":36,"href":"https:\/\/galloricevimenti.it\/en\/wp-json\/wp\/v2\/pages\/453\/revisions"}],"predecessor-version":[{"id":594,"href":"https:\/\/galloricevimenti.it\/en\/wp-json\/wp\/v2\/pages\/453\/revisions\/594"}],"wp:attachment":[{"href":"https:\/\/galloricevimenti.it\/en\/wp-json\/wp\/v2\/media?parent=453"}],"curies":[{"name":"wp","href":"https:\/\/api.w.org\/{rel}","templated":true}]}}